{"id":20743,"date":"2026-04-10T18:36:07","date_gmt":"2026-04-10T18:36:07","guid":{"rendered":"https:\/\/jorslov.com\/?post_type=product&#038;p=20743"},"modified":"2026-04-10T18:39:13","modified_gmt":"2026-04-10T18:39:13","slug":"core-copia","status":"publish","type":"product","link":"https:\/\/jorslov.com\/en\/galeria-online\/fluid-artwork-en\/core-copia\/","title":{"rendered":"Siena river"},"content":{"rendered":"<p>In Serie Tierra I represent the desertification of the territory. I create views, fragments or details of areas of our territory punished by the greenhouse effect, desert landscapes, arid and cracked where there is no place for life. In terms of execution, most of them have texture and relief made with different materials such as gesso, sand, crackle paste, paper, etc.<\/p>\n<p>&#8220;India has suffered during March and April the worst heat wave in 122 years, recording temperatures close to 50\u00ba, an extreme heat that tests the threshold of human survival. This extreme episode reflects the beginning of a global catastrophe. Deserts and arid zones are increasing by 12 million hectares every year. They warn that by 2050, some 200 million people may need humanitarian aid because of extreme weather and displacement&#8221;.<\/p>\n<p>Source. Vicente Ferrer Foundation 19. May. 2022<\/p>\n","protected":false},"excerpt":{"rendered":"<p>Mixed media artwork, made in siena and sandy colors<\/p>\n<p><strong>Size:<\/strong> 100x100cm<br \/>\n<strong>Media:<\/strong> Mixed on canvas<br \/>\n<strong>Date:<\/strong> 2026<br \/>\n<strong>Frame:<\/strong> No<\/p>\n","protected":false},"featured_media":20731,"comment_status":"open","ping_status":"closed","template":"","meta":{"om_disable_all_campaigns":false,"_monsterinsights_skip_tracking":false,"_monsterinsights_sitenote_active":false,"_monsterinsights_sitenote_note":"","_monsterinsights_sitenote_category":0},"product_cat":[133],"product_tag":[181,173,179,176,180,174,177,178,175],"class_list":{"0":"post-20743","1":"product","2":"type-product","3":"status-publish","4":"has-post-thumbnail","6":"product_cat-fluid-artwork-en","7":"product_tag-calentamientoglobal-en","8":"product_tag-cambioclimatico-en","9":"product_tag-climatechange-en","10":"product_tag-earth-en","11":"product_tag-globalwarming-en","12":"product_tag-taupe-en","13":"product_tag-textura-en","14":"product_tag-texture-en","15":"product_tag-tierra-en","16":"product_shipping_class-envio-estandar","18":"first","19":"outofstock","20":"featured","21":"shipping-taxable","22":"purchasable","23":"product-type-simple"},"yoast_head":"<!-- This site is optimized with the Yoast SEO plugin v23.7 - https:\/\/yoast.com\/wordpress\/plugins\/seo\/ -->\n<title>Siena river - Sara Jorslov<\/title>\n<meta name=\"description\" content=\"Compra y alquiler de obras de arte, renting para negocios y decoraci\u00f3n de interior. C\u00f3mpralas a trav\u00e9s de nuestra web.\" \/>\n<meta name=\"robots\" content=\"index, follow, max-snippet:-1, max-image-preview:large, max-video-preview:-1\" \/>\n<link rel=\"canonical\" href=\"https:\/\/jorslov.com\/en\/galeria-online\/fluid-artwork-en\/core-copia\/\" \/>\n<meta property=\"og:locale\" content=\"en_US\" \/>\n<meta property=\"og:type\" content=\"article\" \/>\n<meta property=\"og:title\" content=\"Siena river - Sara Jorslov\" \/>\n<meta property=\"og:description\" content=\"Compra y alquiler de obras de arte, renting para negocios y decoraci\u00f3n de interior. C\u00f3mpralas a trav\u00e9s de nuestra web.\" \/>\n<meta property=\"og:url\" content=\"https:\/\/jorslov.com\/en\/galeria-online\/fluid-artwork-en\/core-copia\/\" \/>\n<meta property=\"og:site_name\" content=\"Sara Jorslov\" \/>\n<meta property=\"article:modified_time\" content=\"2026-04-10T18:39:13+00:00\" \/>\n<meta property=\"og:image\" content=\"https:\/\/jorslov.com\/wp-content\/uploads\/2026\/04\/aba-caldero.jpg\" \/>\n\t<meta property=\"og:image:width\" content=\"1000\" \/>\n\t<meta property=\"og:image:height\" content=\"1000\" \/>\n\t<meta property=\"og:image:type\" content=\"image\/jpeg\" \/>\n<meta name=\"twitter:card\" content=\"summary_large_image\" \/>\n<meta name=\"twitter:label1\" content=\"Est. reading time\" \/>\n\t<meta name=\"twitter:data1\" content=\"1 minute\" \/>\n<script type=\"application\/ld+json\" class=\"yoast-schema-graph\">{\"@context\":\"https:\/\/schema.org\",\"@graph\":[{\"@type\":\"WebPage\",\"@id\":\"https:\/\/jorslov.com\/en\/galeria-online\/fluid-artwork-en\/core-copia\/\",\"url\":\"https:\/\/jorslov.com\/en\/galeria-online\/fluid-artwork-en\/core-copia\/\",\"name\":\"Siena river - Sara Jorslov\",\"isPartOf\":{\"@id\":\"https:\/\/jorslov.com\/en\/#website\"},\"primaryImageOfPage\":{\"@id\":\"https:\/\/jorslov.com\/en\/galeria-online\/fluid-artwork-en\/core-copia\/#primaryimage\"},\"image\":{\"@id\":\"https:\/\/jorslov.com\/en\/galeria-online\/fluid-artwork-en\/core-copia\/#primaryimage\"},\"thumbnailUrl\":\"https:\/\/jorslov.com\/wp-content\/uploads\/2026\/04\/aba-caldero.jpg\",\"datePublished\":\"2026-04-10T18:36:07+00:00\",\"dateModified\":\"2026-04-10T18:39:13+00:00\",\"description\":\"Compra y alquiler de obras de arte, renting para negocios y decoraci\u00f3n de interior. C\u00f3mpralas a trav\u00e9s de nuestra web.\",\"breadcrumb\":{\"@id\":\"https:\/\/jorslov.com\/en\/galeria-online\/fluid-artwork-en\/core-copia\/#breadcrumb\"},\"inLanguage\":\"en-US\",\"potentialAction\":[{\"@type\":\"ReadAction\",\"target\":[\"https:\/\/jorslov.com\/en\/galeria-online\/fluid-artwork-en\/core-copia\/\"]}]},{\"@type\":\"ImageObject\",\"inLanguage\":\"en-US\",\"@id\":\"https:\/\/jorslov.com\/en\/galeria-online\/fluid-artwork-en\/core-copia\/#primaryimage\",\"url\":\"https:\/\/jorslov.com\/wp-content\/uploads\/2026\/04\/aba-caldero.jpg\",\"contentUrl\":\"https:\/\/jorslov.com\/wp-content\/uploads\/2026\/04\/aba-caldero.jpg\",\"width\":1000,\"height\":1000},{\"@type\":\"BreadcrumbList\",\"@id\":\"https:\/\/jorslov.com\/en\/galeria-online\/fluid-artwork-en\/core-copia\/#breadcrumb\",\"itemListElement\":[{\"@type\":\"ListItem\",\"position\":1,\"name\":\"Portada\",\"item\":\"https:\/\/jorslov.com\/en\/\"},{\"@type\":\"ListItem\",\"position\":2,\"name\":\"Shop\",\"item\":\"https:\/\/jorslov.com\/en\/shop\/\"},{\"@type\":\"ListItem\",\"position\":3,\"name\":\"Siena river\"}]},{\"@type\":\"WebSite\",\"@id\":\"https:\/\/jorslov.com\/en\/#website\",\"url\":\"https:\/\/jorslov.com\/en\/\",\"name\":\"Sara Jorslov\",\"description\":\"Galer\u00eda online\",\"potentialAction\":[{\"@type\":\"SearchAction\",\"target\":{\"@type\":\"EntryPoint\",\"urlTemplate\":\"https:\/\/jorslov.com\/en\/?s={search_term_string}\"},\"query-input\":{\"@type\":\"PropertyValueSpecification\",\"valueRequired\":true,\"valueName\":\"search_term_string\"}}],\"inLanguage\":\"en-US\"}]}<\/script>\n<!-- \/ Yoast SEO plugin. -->","yoast_head_json":{"title":"Siena river - Sara Jorslov","description":"Compra y alquiler de obras de arte, renting para negocios y decoraci\u00f3n de interior. C\u00f3mpralas a trav\u00e9s de nuestra web.","robots":{"index":"index","follow":"follow","max-snippet":"max-snippet:-1","max-image-preview":"max-image-preview:large","max-video-preview":"max-video-preview:-1"},"canonical":"https:\/\/jorslov.com\/en\/galeria-online\/fluid-artwork-en\/core-copia\/","og_locale":"en_US","og_type":"article","og_title":"Siena river - Sara Jorslov","og_description":"Compra y alquiler de obras de arte, renting para negocios y decoraci\u00f3n de interior. C\u00f3mpralas a trav\u00e9s de nuestra web.","og_url":"https:\/\/jorslov.com\/en\/galeria-online\/fluid-artwork-en\/core-copia\/","og_site_name":"Sara Jorslov","article_modified_time":"2026-04-10T18:39:13+00:00","og_image":[{"width":1000,"height":1000,"url":"https:\/\/jorslov.com\/wp-content\/uploads\/2026\/04\/aba-caldero.jpg","type":"image\/jpeg"}],"twitter_card":"summary_large_image","twitter_misc":{"Est. reading time":"1 minute"},"schema":{"@context":"https:\/\/schema.org","@graph":[{"@type":"WebPage","@id":"https:\/\/jorslov.com\/en\/galeria-online\/fluid-artwork-en\/core-copia\/","url":"https:\/\/jorslov.com\/en\/galeria-online\/fluid-artwork-en\/core-copia\/","name":"Siena river - Sara Jorslov","isPartOf":{"@id":"https:\/\/jorslov.com\/en\/#website"},"primaryImageOfPage":{"@id":"https:\/\/jorslov.com\/en\/galeria-online\/fluid-artwork-en\/core-copia\/#primaryimage"},"image":{"@id":"https:\/\/jorslov.com\/en\/galeria-online\/fluid-artwork-en\/core-copia\/#primaryimage"},"thumbnailUrl":"https:\/\/jorslov.com\/wp-content\/uploads\/2026\/04\/aba-caldero.jpg","datePublished":"2026-04-10T18:36:07+00:00","dateModified":"2026-04-10T18:39:13+00:00","description":"Compra y alquiler de obras de arte, renting para negocios y decoraci\u00f3n de interior. C\u00f3mpralas a trav\u00e9s de nuestra web.","breadcrumb":{"@id":"https:\/\/jorslov.com\/en\/galeria-online\/fluid-artwork-en\/core-copia\/#breadcrumb"},"inLanguage":"en-US","potentialAction":[{"@type":"ReadAction","target":["https:\/\/jorslov.com\/en\/galeria-online\/fluid-artwork-en\/core-copia\/"]}]},{"@type":"ImageObject","inLanguage":"en-US","@id":"https:\/\/jorslov.com\/en\/galeria-online\/fluid-artwork-en\/core-copia\/#primaryimage","url":"https:\/\/jorslov.com\/wp-content\/uploads\/2026\/04\/aba-caldero.jpg","contentUrl":"https:\/\/jorslov.com\/wp-content\/uploads\/2026\/04\/aba-caldero.jpg","width":1000,"height":1000},{"@type":"BreadcrumbList","@id":"https:\/\/jorslov.com\/en\/galeria-online\/fluid-artwork-en\/core-copia\/#breadcrumb","itemListElement":[{"@type":"ListItem","position":1,"name":"Portada","item":"https:\/\/jorslov.com\/en\/"},{"@type":"ListItem","position":2,"name":"Shop","item":"https:\/\/jorslov.com\/en\/shop\/"},{"@type":"ListItem","position":3,"name":"Siena river"}]},{"@type":"WebSite","@id":"https:\/\/jorslov.com\/en\/#website","url":"https:\/\/jorslov.com\/en\/","name":"Sara Jorslov","description":"Galer\u00eda online","potentialAction":[{"@type":"SearchAction","target":{"@type":"EntryPoint","urlTemplate":"https:\/\/jorslov.com\/en\/?s={search_term_string}"},"query-input":{"@type":"PropertyValueSpecification","valueRequired":true,"valueName":"search_term_string"}}],"inLanguage":"en-US"}]}},"_links":{"self":[{"href":"https:\/\/jorslov.com\/en\/wp-json\/wp\/v2\/product\/20743"}],"collection":[{"href":"https:\/\/jorslov.com\/en\/wp-json\/wp\/v2\/product"}],"about":[{"href":"https:\/\/jorslov.com\/en\/wp-json\/wp\/v2\/types\/product"}],"replies":[{"embeddable":true,"href":"https:\/\/jorslov.com\/en\/wp-json\/wp\/v2\/comments?post=20743"}],"wp:featuredmedia":[{"embeddable":true,"href":"https:\/\/jorslov.com\/en\/wp-json\/wp\/v2\/media\/20731"}],"wp:attachment":[{"href":"https:\/\/jorslov.com\/en\/wp-json\/wp\/v2\/media?parent=20743"}],"wp:term":[{"taxonomy":"product_cat","embeddable":true,"href":"https:\/\/jorslov.com\/en\/wp-json\/wp\/v2\/product_cat?post=20743"},{"taxonomy":"product_tag","embeddable":true,"href":"https:\/\/jorslov.com\/en\/wp-json\/wp\/v2\/product_tag?post=20743"}],"curies":[{"name":"wp","href":"https:\/\/api.w.org\/{rel}","templated":true}]}}