{"id":20576,"date":"2025-09-11T15:56:18","date_gmt":"2025-09-11T15:56:18","guid":{"rendered":"https:\/\/jorslov.com\/?post_type=product&#038;p=20576"},"modified":"2025-09-11T16:39:56","modified_gmt":"2025-09-11T16:39:56","slug":"forest-whisper-copia","status":"publish","type":"product","link":"https:\/\/jorslov.com\/en\/galeria-online\/fluid-artwork-en\/forest-whisper-copia\/","title":{"rendered":"The Peak"},"content":{"rendered":"<p>In these series I represent the desertification of the territory. I create views, fragments or details of areas of our territory punished by the greenhouse effect, desert landscapes, arid and cracked where there is no place for life. In terms of execution, they have texture and relief made with different materials such as gypsum, sand, crackle paste, paper, etc.<\/p>\n<p>&#8220;India has suffered during March and April the worst heat wave in 122 years, recording temperatures close to 50\u00ba, extreme heat that tests the threshold of human survival. This extreme episode reflects the beginning of a global catastrophe. Deserts and arid zones are increasing by 12 million hectares each year. They warn that by 2050 some 200 million people may need humanitarian aid because of extreme weather and displacement.&#8221;<\/p>\n<p style=\"text-align: right;\">Source. Vicente Ferrer Foundation 19. May. 2022<\/p>\n","protected":false},"excerpt":{"rendered":"<p><strong>Size:<\/strong> 50x50cm<br \/>\n<strong>Media:<\/strong> Mixed on canvas<br \/>\n<strong>Date:<\/strong> 2025<br \/>\n<strong>Frame:<\/strong> No<\/p>\n","protected":false},"featured_media":20320,"comment_status":"open","ping_status":"closed","template":"","meta":{"om_disable_all_campaigns":false,"_monsterinsights_skip_tracking":false,"_monsterinsights_sitenote_active":false,"_monsterinsights_sitenote_note":"","_monsterinsights_sitenote_category":0},"product_cat":[133],"product_tag":[251,250,221,173,179,349,253,219,254,257,176,256,373,248,374],"class_list":{"0":"post-20576","1":"product","2":"type-product","3":"status-publish","4":"has-post-thumbnail","6":"product_cat-fluid-artwork-en","7":"product_tag-abstract-en","8":"product_tag-abstracto-en","9":"product_tag-arte-en","10":"product_tag-cambioclimatico-en","11":"product_tag-climatechange-en","12":"product_tag-contemporaneo-en","13":"product_tag-contemporary-en","14":"product_tag-cuadro-en","15":"product_tag-decoracion-en","16":"product_tag-design-en","17":"product_tag-earth-en","18":"product_tag-interiorismo-en","19":"product_tag-neutralcolors-en","20":"product_tag-painting-en","21":"product_tag-slowspace-en","23":"first","24":"instock","25":"featured","26":"shipping-taxable","27":"purchasable","28":"product-type-simple"},"yoast_head":"<!-- This site is optimized with the Yoast SEO plugin v23.7 - https:\/\/yoast.com\/wordpress\/plugins\/seo\/ -->\n<title>The Peak - Sara Jorslov<\/title>\n<meta name=\"description\" content=\"Compra y alquiler de obras de arte, renting para negocios y decoraci\u00f3n de interior. C\u00f3mpralas a trav\u00e9s de nuestra web.\" \/>\n<meta name=\"robots\" content=\"index, follow, max-snippet:-1, max-image-preview:large, max-video-preview:-1\" \/>\n<link rel=\"canonical\" href=\"https:\/\/jorslov.com\/en\/galeria-online\/fluid-artwork-en\/forest-whisper-copia\/\" \/>\n<meta property=\"og:locale\" content=\"en_US\" \/>\n<meta property=\"og:type\" content=\"article\" \/>\n<meta property=\"og:title\" content=\"The Peak - Sara Jorslov\" \/>\n<meta property=\"og:description\" content=\"Compra y alquiler de obras de arte, renting para negocios y decoraci\u00f3n de interior. C\u00f3mpralas a trav\u00e9s de nuestra web.\" \/>\n<meta property=\"og:url\" content=\"https:\/\/jorslov.com\/en\/galeria-online\/fluid-artwork-en\/forest-whisper-copia\/\" \/>\n<meta property=\"og:site_name\" content=\"Sara Jorslov\" \/>\n<meta property=\"article:modified_time\" content=\"2025-09-11T16:39:56+00:00\" \/>\n<meta property=\"og:image\" content=\"https:\/\/jorslov.com\/wp-content\/uploads\/2025\/07\/maquetas-160-3-copia.jpeg\" \/>\n\t<meta property=\"og:image:width\" content=\"1000\" \/>\n\t<meta property=\"og:image:height\" content=\"1000\" \/>\n\t<meta property=\"og:image:type\" content=\"image\/jpeg\" \/>\n<meta name=\"twitter:card\" content=\"summary_large_image\" \/>\n<meta name=\"twitter:label1\" content=\"Est. reading time\" \/>\n\t<meta name=\"twitter:data1\" content=\"1 minute\" \/>\n<script type=\"application\/ld+json\" class=\"yoast-schema-graph\">{\"@context\":\"https:\/\/schema.org\",\"@graph\":[{\"@type\":\"WebPage\",\"@id\":\"https:\/\/jorslov.com\/en\/galeria-online\/fluid-artwork-en\/forest-whisper-copia\/\",\"url\":\"https:\/\/jorslov.com\/en\/galeria-online\/fluid-artwork-en\/forest-whisper-copia\/\",\"name\":\"The Peak - Sara Jorslov\",\"isPartOf\":{\"@id\":\"https:\/\/jorslov.com\/en\/#website\"},\"primaryImageOfPage\":{\"@id\":\"https:\/\/jorslov.com\/en\/galeria-online\/fluid-artwork-en\/forest-whisper-copia\/#primaryimage\"},\"image\":{\"@id\":\"https:\/\/jorslov.com\/en\/galeria-online\/fluid-artwork-en\/forest-whisper-copia\/#primaryimage\"},\"thumbnailUrl\":\"https:\/\/jorslov.com\/wp-content\/uploads\/2025\/07\/maquetas-160-3-copia.jpeg\",\"datePublished\":\"2025-09-11T15:56:18+00:00\",\"dateModified\":\"2025-09-11T16:39:56+00:00\",\"description\":\"Compra y alquiler de obras de arte, renting para negocios y decoraci\u00f3n de interior. C\u00f3mpralas a trav\u00e9s de nuestra web.\",\"breadcrumb\":{\"@id\":\"https:\/\/jorslov.com\/en\/galeria-online\/fluid-artwork-en\/forest-whisper-copia\/#breadcrumb\"},\"inLanguage\":\"en-US\",\"potentialAction\":[{\"@type\":\"ReadAction\",\"target\":[\"https:\/\/jorslov.com\/en\/galeria-online\/fluid-artwork-en\/forest-whisper-copia\/\"]}]},{\"@type\":\"ImageObject\",\"inLanguage\":\"en-US\",\"@id\":\"https:\/\/jorslov.com\/en\/galeria-online\/fluid-artwork-en\/forest-whisper-copia\/#primaryimage\",\"url\":\"https:\/\/jorslov.com\/wp-content\/uploads\/2025\/07\/maquetas-160-3-copia.jpeg\",\"contentUrl\":\"https:\/\/jorslov.com\/wp-content\/uploads\/2025\/07\/maquetas-160-3-copia.jpeg\",\"width\":1000,\"height\":1000},{\"@type\":\"BreadcrumbList\",\"@id\":\"https:\/\/jorslov.com\/en\/galeria-online\/fluid-artwork-en\/forest-whisper-copia\/#breadcrumb\",\"itemListElement\":[{\"@type\":\"ListItem\",\"position\":1,\"name\":\"Portada\",\"item\":\"https:\/\/jorslov.com\/en\/\"},{\"@type\":\"ListItem\",\"position\":2,\"name\":\"Shop\",\"item\":\"https:\/\/jorslov.com\/en\/shop\/\"},{\"@type\":\"ListItem\",\"position\":3,\"name\":\"The Peak\"}]},{\"@type\":\"WebSite\",\"@id\":\"https:\/\/jorslov.com\/en\/#website\",\"url\":\"https:\/\/jorslov.com\/en\/\",\"name\":\"Sara Jorslov\",\"description\":\"Galer\u00eda online\",\"potentialAction\":[{\"@type\":\"SearchAction\",\"target\":{\"@type\":\"EntryPoint\",\"urlTemplate\":\"https:\/\/jorslov.com\/en\/?s={search_term_string}\"},\"query-input\":{\"@type\":\"PropertyValueSpecification\",\"valueRequired\":true,\"valueName\":\"search_term_string\"}}],\"inLanguage\":\"en-US\"}]}<\/script>\n<!-- \/ Yoast SEO plugin. -->","yoast_head_json":{"title":"The Peak - Sara Jorslov","description":"Compra y alquiler de obras de arte, renting para negocios y decoraci\u00f3n de interior. C\u00f3mpralas a trav\u00e9s de nuestra web.","robots":{"index":"index","follow":"follow","max-snippet":"max-snippet:-1","max-image-preview":"max-image-preview:large","max-video-preview":"max-video-preview:-1"},"canonical":"https:\/\/jorslov.com\/en\/galeria-online\/fluid-artwork-en\/forest-whisper-copia\/","og_locale":"en_US","og_type":"article","og_title":"The Peak - Sara Jorslov","og_description":"Compra y alquiler de obras de arte, renting para negocios y decoraci\u00f3n de interior. C\u00f3mpralas a trav\u00e9s de nuestra web.","og_url":"https:\/\/jorslov.com\/en\/galeria-online\/fluid-artwork-en\/forest-whisper-copia\/","og_site_name":"Sara Jorslov","article_modified_time":"2025-09-11T16:39:56+00:00","og_image":[{"width":1000,"height":1000,"url":"https:\/\/jorslov.com\/wp-content\/uploads\/2025\/07\/maquetas-160-3-copia.jpeg","type":"image\/jpeg"}],"twitter_card":"summary_large_image","twitter_misc":{"Est. reading time":"1 minute"},"schema":{"@context":"https:\/\/schema.org","@graph":[{"@type":"WebPage","@id":"https:\/\/jorslov.com\/en\/galeria-online\/fluid-artwork-en\/forest-whisper-copia\/","url":"https:\/\/jorslov.com\/en\/galeria-online\/fluid-artwork-en\/forest-whisper-copia\/","name":"The Peak - Sara Jorslov","isPartOf":{"@id":"https:\/\/jorslov.com\/en\/#website"},"primaryImageOfPage":{"@id":"https:\/\/jorslov.com\/en\/galeria-online\/fluid-artwork-en\/forest-whisper-copia\/#primaryimage"},"image":{"@id":"https:\/\/jorslov.com\/en\/galeria-online\/fluid-artwork-en\/forest-whisper-copia\/#primaryimage"},"thumbnailUrl":"https:\/\/jorslov.com\/wp-content\/uploads\/2025\/07\/maquetas-160-3-copia.jpeg","datePublished":"2025-09-11T15:56:18+00:00","dateModified":"2025-09-11T16:39:56+00:00","description":"Compra y alquiler de obras de arte, renting para negocios y decoraci\u00f3n de interior. C\u00f3mpralas a trav\u00e9s de nuestra web.","breadcrumb":{"@id":"https:\/\/jorslov.com\/en\/galeria-online\/fluid-artwork-en\/forest-whisper-copia\/#breadcrumb"},"inLanguage":"en-US","potentialAction":[{"@type":"ReadAction","target":["https:\/\/jorslov.com\/en\/galeria-online\/fluid-artwork-en\/forest-whisper-copia\/"]}]},{"@type":"ImageObject","inLanguage":"en-US","@id":"https:\/\/jorslov.com\/en\/galeria-online\/fluid-artwork-en\/forest-whisper-copia\/#primaryimage","url":"https:\/\/jorslov.com\/wp-content\/uploads\/2025\/07\/maquetas-160-3-copia.jpeg","contentUrl":"https:\/\/jorslov.com\/wp-content\/uploads\/2025\/07\/maquetas-160-3-copia.jpeg","width":1000,"height":1000},{"@type":"BreadcrumbList","@id":"https:\/\/jorslov.com\/en\/galeria-online\/fluid-artwork-en\/forest-whisper-copia\/#breadcrumb","itemListElement":[{"@type":"ListItem","position":1,"name":"Portada","item":"https:\/\/jorslov.com\/en\/"},{"@type":"ListItem","position":2,"name":"Shop","item":"https:\/\/jorslov.com\/en\/shop\/"},{"@type":"ListItem","position":3,"name":"The Peak"}]},{"@type":"WebSite","@id":"https:\/\/jorslov.com\/en\/#website","url":"https:\/\/jorslov.com\/en\/","name":"Sara Jorslov","description":"Galer\u00eda online","potentialAction":[{"@type":"SearchAction","target":{"@type":"EntryPoint","urlTemplate":"https:\/\/jorslov.com\/en\/?s={search_term_string}"},"query-input":{"@type":"PropertyValueSpecification","valueRequired":true,"valueName":"search_term_string"}}],"inLanguage":"en-US"}]}},"_links":{"self":[{"href":"https:\/\/jorslov.com\/en\/wp-json\/wp\/v2\/product\/20576"}],"collection":[{"href":"https:\/\/jorslov.com\/en\/wp-json\/wp\/v2\/product"}],"about":[{"href":"https:\/\/jorslov.com\/en\/wp-json\/wp\/v2\/types\/product"}],"replies":[{"embeddable":true,"href":"https:\/\/jorslov.com\/en\/wp-json\/wp\/v2\/comments?post=20576"}],"wp:featuredmedia":[{"embeddable":true,"href":"https:\/\/jorslov.com\/en\/wp-json\/wp\/v2\/media\/20320"}],"wp:attachment":[{"href":"https:\/\/jorslov.com\/en\/wp-json\/wp\/v2\/media?parent=20576"}],"wp:term":[{"taxonomy":"product_cat","embeddable":true,"href":"https:\/\/jorslov.com\/en\/wp-json\/wp\/v2\/product_cat?post=20576"},{"taxonomy":"product_tag","embeddable":true,"href":"https:\/\/jorslov.com\/en\/wp-json\/wp\/v2\/product_tag?post=20576"}],"curies":[{"name":"wp","href":"https:\/\/api.w.org\/{rel}","templated":true}]}}