{"id":19999,"date":"2024-11-29T18:24:30","date_gmt":"2024-11-29T18:24:30","guid":{"rendered":"https:\/\/jorslov.com\/?post_type=product&#038;p=19999"},"modified":"2024-11-29T18:30:45","modified_gmt":"2024-11-29T18:30:45","slug":"nebula","status":"publish","type":"product","link":"https:\/\/jorslov.com\/en\/galeria-online\/texture-en\/nebula\/","title":{"rendered":"Nebula"},"content":{"rendered":"<p>In these series I represent the desertification of the territory. I create views, fragments or details of areas of our territory punished by the greenhouse effect, desert landscapes, arid and cracked where there is no place for life. In terms of execution, they have texture and relief made with different materials such as gypsum, sand, cracking paste, paper, etc.<\/p>\n<p>&#8220;India has experienced the worst heat wave in 122 years in March and April, with temperatures approaching 50 degrees Celsius, an extreme heat that tests the threshold of human survival. This extreme episode reflects the beginning of a global catastrophe. Deserts and drylands are increasing by 12 million hectares every year. They warn that by 2050, some 200 million people may need humanitarian assistance because of extreme weather and displacement.<\/p>\n<p style=\"text-align: right;\">Source. Fundaci\u00f3n Vicente Ferrer 19. May. 2022<\/p>\n","protected":false},"excerpt":{"rendered":"<p><strong>Measures:<\/strong> 140x100cm<br \/>\n<strong>Technique:<\/strong> Mixed media on canvas<br \/>\n<strong>Date:<\/strong> 2024<br \/>\n<strong>Frame:<\/strong> No<\/p>\n","protected":false},"featured_media":19973,"comment_status":"open","ping_status":"closed","template":"","meta":{"om_disable_all_campaigns":false,"_monsterinsights_skip_tracking":false,"_monsterinsights_sitenote_active":false,"_monsterinsights_sitenote_note":"","_monsterinsights_sitenote_category":0},"product_cat":[132],"product_tag":[251,250,221,173,179,349,253,219,254,257,176,256,248],"class_list":{"0":"post-19999","1":"product","2":"type-product","3":"status-publish","4":"has-post-thumbnail","6":"product_cat-texture-en","7":"product_tag-abstract-en","8":"product_tag-abstracto-en","9":"product_tag-arte-en","10":"product_tag-cambioclimatico-en","11":"product_tag-climatechange-en","12":"product_tag-contemporaneo-en","13":"product_tag-contemporary-en","14":"product_tag-cuadro-en","15":"product_tag-decoracion-en","16":"product_tag-design-en","17":"product_tag-earth-en","18":"product_tag-interiorismo-en","19":"product_tag-painting-en","20":"product_shipping_class-envio-estandar","22":"first","23":"instock","24":"featured","25":"shipping-taxable","26":"purchasable","27":"product-type-simple"},"yoast_head":"<!-- This site is optimized with the Yoast SEO plugin v23.7 - https:\/\/yoast.com\/wordpress\/plugins\/seo\/ -->\n<title>Nebula - Sara Jorslov<\/title>\n<meta name=\"description\" content=\"Compra y alquiler de obras de arte, renting para negocios y decoraci\u00f3n de interior. C\u00f3mpralas a trav\u00e9s de nuestra web.\" \/>\n<meta name=\"robots\" content=\"index, follow, max-snippet:-1, max-image-preview:large, max-video-preview:-1\" \/>\n<link rel=\"canonical\" href=\"https:\/\/jorslov.com\/en\/galeria-online\/texture-en\/nebula\/\" \/>\n<meta property=\"og:locale\" content=\"en_US\" \/>\n<meta property=\"og:type\" content=\"article\" \/>\n<meta property=\"og:title\" content=\"Nebula - Sara Jorslov\" \/>\n<meta property=\"og:description\" content=\"Compra y alquiler de obras de arte, renting para negocios y decoraci\u00f3n de interior. C\u00f3mpralas a trav\u00e9s de nuestra web.\" \/>\n<meta property=\"og:url\" content=\"https:\/\/jorslov.com\/en\/galeria-online\/texture-en\/nebula\/\" \/>\n<meta property=\"og:site_name\" content=\"Sara Jorslov\" \/>\n<meta property=\"article:modified_time\" content=\"2024-11-29T18:30:45+00:00\" \/>\n<meta property=\"og:image\" content=\"https:\/\/jorslov.com\/wp-content\/uploads\/2024\/11\/nebulosa-marco.jpg\" \/>\n\t<meta property=\"og:image:width\" content=\"700\" \/>\n\t<meta property=\"og:image:height\" content=\"700\" \/>\n\t<meta property=\"og:image:type\" content=\"image\/jpeg\" \/>\n<meta name=\"twitter:card\" content=\"summary_large_image\" \/>\n<meta name=\"twitter:label1\" content=\"Est. reading time\" \/>\n\t<meta name=\"twitter:data1\" content=\"1 minute\" \/>\n<script type=\"application\/ld+json\" class=\"yoast-schema-graph\">{\"@context\":\"https:\/\/schema.org\",\"@graph\":[{\"@type\":\"WebPage\",\"@id\":\"https:\/\/jorslov.com\/en\/galeria-online\/texture-en\/nebula\/\",\"url\":\"https:\/\/jorslov.com\/en\/galeria-online\/texture-en\/nebula\/\",\"name\":\"Nebula - Sara Jorslov\",\"isPartOf\":{\"@id\":\"https:\/\/jorslov.com\/en\/#website\"},\"primaryImageOfPage\":{\"@id\":\"https:\/\/jorslov.com\/en\/galeria-online\/texture-en\/nebula\/#primaryimage\"},\"image\":{\"@id\":\"https:\/\/jorslov.com\/en\/galeria-online\/texture-en\/nebula\/#primaryimage\"},\"thumbnailUrl\":\"https:\/\/jorslov.com\/wp-content\/uploads\/2024\/11\/nebulosa-marco.jpg\",\"datePublished\":\"2024-11-29T18:24:30+00:00\",\"dateModified\":\"2024-11-29T18:30:45+00:00\",\"description\":\"Compra y alquiler de obras de arte, renting para negocios y decoraci\u00f3n de interior. C\u00f3mpralas a trav\u00e9s de nuestra web.\",\"breadcrumb\":{\"@id\":\"https:\/\/jorslov.com\/en\/galeria-online\/texture-en\/nebula\/#breadcrumb\"},\"inLanguage\":\"en-US\",\"potentialAction\":[{\"@type\":\"ReadAction\",\"target\":[\"https:\/\/jorslov.com\/en\/galeria-online\/texture-en\/nebula\/\"]}]},{\"@type\":\"ImageObject\",\"inLanguage\":\"en-US\",\"@id\":\"https:\/\/jorslov.com\/en\/galeria-online\/texture-en\/nebula\/#primaryimage\",\"url\":\"https:\/\/jorslov.com\/wp-content\/uploads\/2024\/11\/nebulosa-marco.jpg\",\"contentUrl\":\"https:\/\/jorslov.com\/wp-content\/uploads\/2024\/11\/nebulosa-marco.jpg\",\"width\":700,\"height\":700},{\"@type\":\"BreadcrumbList\",\"@id\":\"https:\/\/jorslov.com\/en\/galeria-online\/texture-en\/nebula\/#breadcrumb\",\"itemListElement\":[{\"@type\":\"ListItem\",\"position\":1,\"name\":\"Portada\",\"item\":\"https:\/\/jorslov.com\/en\/\"},{\"@type\":\"ListItem\",\"position\":2,\"name\":\"Shop\",\"item\":\"https:\/\/jorslov.com\/en\/shop\/\"},{\"@type\":\"ListItem\",\"position\":3,\"name\":\"Nebula\"}]},{\"@type\":\"WebSite\",\"@id\":\"https:\/\/jorslov.com\/en\/#website\",\"url\":\"https:\/\/jorslov.com\/en\/\",\"name\":\"Sara Jorslov\",\"description\":\"Galer\u00eda online\",\"potentialAction\":[{\"@type\":\"SearchAction\",\"target\":{\"@type\":\"EntryPoint\",\"urlTemplate\":\"https:\/\/jorslov.com\/en\/?s={search_term_string}\"},\"query-input\":{\"@type\":\"PropertyValueSpecification\",\"valueRequired\":true,\"valueName\":\"search_term_string\"}}],\"inLanguage\":\"en-US\"}]}<\/script>\n<!-- \/ Yoast SEO plugin. -->","yoast_head_json":{"title":"Nebula - Sara Jorslov","description":"Compra y alquiler de obras de arte, renting para negocios y decoraci\u00f3n de interior. C\u00f3mpralas a trav\u00e9s de nuestra web.","robots":{"index":"index","follow":"follow","max-snippet":"max-snippet:-1","max-image-preview":"max-image-preview:large","max-video-preview":"max-video-preview:-1"},"canonical":"https:\/\/jorslov.com\/en\/galeria-online\/texture-en\/nebula\/","og_locale":"en_US","og_type":"article","og_title":"Nebula - Sara Jorslov","og_description":"Compra y alquiler de obras de arte, renting para negocios y decoraci\u00f3n de interior. C\u00f3mpralas a trav\u00e9s de nuestra web.","og_url":"https:\/\/jorslov.com\/en\/galeria-online\/texture-en\/nebula\/","og_site_name":"Sara Jorslov","article_modified_time":"2024-11-29T18:30:45+00:00","og_image":[{"width":700,"height":700,"url":"https:\/\/jorslov.com\/wp-content\/uploads\/2024\/11\/nebulosa-marco.jpg","type":"image\/jpeg"}],"twitter_card":"summary_large_image","twitter_misc":{"Est. reading time":"1 minute"},"schema":{"@context":"https:\/\/schema.org","@graph":[{"@type":"WebPage","@id":"https:\/\/jorslov.com\/en\/galeria-online\/texture-en\/nebula\/","url":"https:\/\/jorslov.com\/en\/galeria-online\/texture-en\/nebula\/","name":"Nebula - Sara Jorslov","isPartOf":{"@id":"https:\/\/jorslov.com\/en\/#website"},"primaryImageOfPage":{"@id":"https:\/\/jorslov.com\/en\/galeria-online\/texture-en\/nebula\/#primaryimage"},"image":{"@id":"https:\/\/jorslov.com\/en\/galeria-online\/texture-en\/nebula\/#primaryimage"},"thumbnailUrl":"https:\/\/jorslov.com\/wp-content\/uploads\/2024\/11\/nebulosa-marco.jpg","datePublished":"2024-11-29T18:24:30+00:00","dateModified":"2024-11-29T18:30:45+00:00","description":"Compra y alquiler de obras de arte, renting para negocios y decoraci\u00f3n de interior. C\u00f3mpralas a trav\u00e9s de nuestra web.","breadcrumb":{"@id":"https:\/\/jorslov.com\/en\/galeria-online\/texture-en\/nebula\/#breadcrumb"},"inLanguage":"en-US","potentialAction":[{"@type":"ReadAction","target":["https:\/\/jorslov.com\/en\/galeria-online\/texture-en\/nebula\/"]}]},{"@type":"ImageObject","inLanguage":"en-US","@id":"https:\/\/jorslov.com\/en\/galeria-online\/texture-en\/nebula\/#primaryimage","url":"https:\/\/jorslov.com\/wp-content\/uploads\/2024\/11\/nebulosa-marco.jpg","contentUrl":"https:\/\/jorslov.com\/wp-content\/uploads\/2024\/11\/nebulosa-marco.jpg","width":700,"height":700},{"@type":"BreadcrumbList","@id":"https:\/\/jorslov.com\/en\/galeria-online\/texture-en\/nebula\/#breadcrumb","itemListElement":[{"@type":"ListItem","position":1,"name":"Portada","item":"https:\/\/jorslov.com\/en\/"},{"@type":"ListItem","position":2,"name":"Shop","item":"https:\/\/jorslov.com\/en\/shop\/"},{"@type":"ListItem","position":3,"name":"Nebula"}]},{"@type":"WebSite","@id":"https:\/\/jorslov.com\/en\/#website","url":"https:\/\/jorslov.com\/en\/","name":"Sara Jorslov","description":"Galer\u00eda online","potentialAction":[{"@type":"SearchAction","target":{"@type":"EntryPoint","urlTemplate":"https:\/\/jorslov.com\/en\/?s={search_term_string}"},"query-input":{"@type":"PropertyValueSpecification","valueRequired":true,"valueName":"search_term_string"}}],"inLanguage":"en-US"}]}},"_links":{"self":[{"href":"https:\/\/jorslov.com\/en\/wp-json\/wp\/v2\/product\/19999"}],"collection":[{"href":"https:\/\/jorslov.com\/en\/wp-json\/wp\/v2\/product"}],"about":[{"href":"https:\/\/jorslov.com\/en\/wp-json\/wp\/v2\/types\/product"}],"replies":[{"embeddable":true,"href":"https:\/\/jorslov.com\/en\/wp-json\/wp\/v2\/comments?post=19999"}],"wp:featuredmedia":[{"embeddable":true,"href":"https:\/\/jorslov.com\/en\/wp-json\/wp\/v2\/media\/19973"}],"wp:attachment":[{"href":"https:\/\/jorslov.com\/en\/wp-json\/wp\/v2\/media?parent=19999"}],"wp:term":[{"taxonomy":"product_cat","embeddable":true,"href":"https:\/\/jorslov.com\/en\/wp-json\/wp\/v2\/product_cat?post=19999"},{"taxonomy":"product_tag","embeddable":true,"href":"https:\/\/jorslov.com\/en\/wp-json\/wp\/v2\/product_tag?post=19999"}],"curies":[{"name":"wp","href":"https:\/\/api.w.org\/{rel}","templated":true}]}}