{"id":19685,"date":"2024-05-15T16:38:55","date_gmt":"2024-05-15T16:38:55","guid":{"rendered":"https:\/\/jorslov.com\/?post_type=product&#038;p=19685"},"modified":"2024-05-15T17:18:56","modified_gmt":"2024-05-15T17:18:56","slug":"prioritize-the-essential-n-5","status":"publish","type":"product","link":"https:\/\/jorslov.com\/en\/galeria-online\/fluid-artwork-en\/prioritize-the-essential-n-5\/","title":{"rendered":"Prioritize the essential n.5"},"content":{"rendered":"<p>&#8220;Sticking to the important&#8221; is the principle guiding a series of works where I practice simplification. I start by creating a background where the entire surface of the canvas is covered with drawing, texture, and color. Once this background is established, I analyze which elements contribute the most value and study the composition accordingly. Then, I apply a plain and uniform color to the rest, thus giving the prominence that the main element deserves.<\/p>\n<p>It&#8217;s not just an idea I apply to these works, but also reflects an attitude I strive to maintain in life: stripping away everything superficial and focusing on what truly matters.<\/p>\n","protected":false},"excerpt":{"rendered":"<p>Mixed on canvas<\/p>\n<p><strong>SIze:<\/strong> 50x50cm<br \/>\n<strong>Media:<\/strong> Mixed on canvas<br \/>\n<strong>Date:<\/strong> 2024<br \/>\n<strong>Frame:<\/strong> No<\/p>\n<p>&nbsp;<\/p>\n","protected":false},"featured_media":19670,"comment_status":"open","ping_status":"closed","template":"","meta":{"om_disable_all_campaigns":false,"_monsterinsights_skip_tracking":false,"_monsterinsights_sitenote_active":false,"_monsterinsights_sitenote_note":"","_monsterinsights_sitenote_category":0},"product_cat":[133],"product_tag":[220,244,181,173,179,330,331,180,333,332],"class_list":{"0":"post-19685","1":"product","2":"type-product","3":"status-publish","4":"has-post-thumbnail","6":"product_cat-fluid-artwork-en","7":"product_tag-azul-en","8":"product_tag-blue-en","9":"product_tag-calentamientoglobal-en","10":"product_tag-cambioclimatico-en","11":"product_tag-climatechange-en","12":"product_tag-esencial-en","13":"product_tag-essential-en","14":"product_tag-globalwarming-en","15":"product_tag-important-en","16":"product_tag-importante-en","18":"first","19":"instock","20":"shipping-taxable","21":"purchasable","22":"product-type-simple"},"yoast_head":"<!-- This site is optimized with the Yoast SEO plugin v23.7 - https:\/\/yoast.com\/wordpress\/plugins\/seo\/ -->\n<title>Prioritize the essential n.5 - Sara Jorslov<\/title>\n<meta name=\"description\" content=\"Compra y alquiler de obras de arte, renting para negocios y decoraci\u00f3n de interior. C\u00f3mpralas a trav\u00e9s de nuestra web.\" \/>\n<meta name=\"robots\" content=\"index, follow, max-snippet:-1, max-image-preview:large, max-video-preview:-1\" \/>\n<link rel=\"canonical\" href=\"https:\/\/jorslov.com\/en\/galeria-online\/fluid-artwork-en\/prioritize-the-essential-n-5\/\" \/>\n<meta property=\"og:locale\" content=\"en_US\" \/>\n<meta property=\"og:type\" content=\"article\" \/>\n<meta property=\"og:title\" content=\"Prioritize the essential n.5 - Sara Jorslov\" \/>\n<meta property=\"og:description\" content=\"Compra y alquiler de obras de arte, renting para negocios y decoraci\u00f3n de interior. C\u00f3mpralas a trav\u00e9s de nuestra web.\" \/>\n<meta property=\"og:url\" content=\"https:\/\/jorslov.com\/en\/galeria-online\/fluid-artwork-en\/prioritize-the-essential-n-5\/\" \/>\n<meta property=\"og:site_name\" content=\"Sara Jorslov\" \/>\n<meta property=\"article:modified_time\" content=\"2024-05-15T17:18:56+00:00\" \/>\n<meta property=\"og:image\" content=\"https:\/\/jorslov.com\/wp-content\/uploads\/2024\/05\/111.jpg\" \/>\n\t<meta property=\"og:image:width\" content=\"800\" \/>\n\t<meta property=\"og:image:height\" content=\"800\" \/>\n\t<meta property=\"og:image:type\" content=\"image\/jpeg\" \/>\n<meta name=\"twitter:card\" content=\"summary_large_image\" \/>\n<meta name=\"twitter:label1\" content=\"Est. reading time\" \/>\n\t<meta name=\"twitter:data1\" content=\"1 minute\" \/>\n<script type=\"application\/ld+json\" class=\"yoast-schema-graph\">{\"@context\":\"https:\/\/schema.org\",\"@graph\":[{\"@type\":\"WebPage\",\"@id\":\"https:\/\/jorslov.com\/en\/galeria-online\/fluid-artwork-en\/prioritize-the-essential-n-5\/\",\"url\":\"https:\/\/jorslov.com\/en\/galeria-online\/fluid-artwork-en\/prioritize-the-essential-n-5\/\",\"name\":\"Prioritize the essential n.5 - Sara Jorslov\",\"isPartOf\":{\"@id\":\"https:\/\/jorslov.com\/en\/#website\"},\"primaryImageOfPage\":{\"@id\":\"https:\/\/jorslov.com\/en\/galeria-online\/fluid-artwork-en\/prioritize-the-essential-n-5\/#primaryimage\"},\"image\":{\"@id\":\"https:\/\/jorslov.com\/en\/galeria-online\/fluid-artwork-en\/prioritize-the-essential-n-5\/#primaryimage\"},\"thumbnailUrl\":\"https:\/\/jorslov.com\/wp-content\/uploads\/2024\/05\/111.jpg\",\"datePublished\":\"2024-05-15T16:38:55+00:00\",\"dateModified\":\"2024-05-15T17:18:56+00:00\",\"description\":\"Compra y alquiler de obras de arte, renting para negocios y decoraci\u00f3n de interior. C\u00f3mpralas a trav\u00e9s de nuestra web.\",\"breadcrumb\":{\"@id\":\"https:\/\/jorslov.com\/en\/galeria-online\/fluid-artwork-en\/prioritize-the-essential-n-5\/#breadcrumb\"},\"inLanguage\":\"en-US\",\"potentialAction\":[{\"@type\":\"ReadAction\",\"target\":[\"https:\/\/jorslov.com\/en\/galeria-online\/fluid-artwork-en\/prioritize-the-essential-n-5\/\"]}]},{\"@type\":\"ImageObject\",\"inLanguage\":\"en-US\",\"@id\":\"https:\/\/jorslov.com\/en\/galeria-online\/fluid-artwork-en\/prioritize-the-essential-n-5\/#primaryimage\",\"url\":\"https:\/\/jorslov.com\/wp-content\/uploads\/2024\/05\/111.jpg\",\"contentUrl\":\"https:\/\/jorslov.com\/wp-content\/uploads\/2024\/05\/111.jpg\",\"width\":800,\"height\":800},{\"@type\":\"BreadcrumbList\",\"@id\":\"https:\/\/jorslov.com\/en\/galeria-online\/fluid-artwork-en\/prioritize-the-essential-n-5\/#breadcrumb\",\"itemListElement\":[{\"@type\":\"ListItem\",\"position\":1,\"name\":\"Portada\",\"item\":\"https:\/\/jorslov.com\/en\/\"},{\"@type\":\"ListItem\",\"position\":2,\"name\":\"Shop\",\"item\":\"https:\/\/jorslov.com\/en\/shop\/\"},{\"@type\":\"ListItem\",\"position\":3,\"name\":\"Prioritize the essential n.5\"}]},{\"@type\":\"WebSite\",\"@id\":\"https:\/\/jorslov.com\/en\/#website\",\"url\":\"https:\/\/jorslov.com\/en\/\",\"name\":\"Sara Jorslov\",\"description\":\"Galer\u00eda online\",\"potentialAction\":[{\"@type\":\"SearchAction\",\"target\":{\"@type\":\"EntryPoint\",\"urlTemplate\":\"https:\/\/jorslov.com\/en\/?s={search_term_string}\"},\"query-input\":{\"@type\":\"PropertyValueSpecification\",\"valueRequired\":true,\"valueName\":\"search_term_string\"}}],\"inLanguage\":\"en-US\"}]}<\/script>\n<!-- \/ Yoast SEO plugin. -->","yoast_head_json":{"title":"Prioritize the essential n.5 - Sara Jorslov","description":"Compra y alquiler de obras de arte, renting para negocios y decoraci\u00f3n de interior. C\u00f3mpralas a trav\u00e9s de nuestra web.","robots":{"index":"index","follow":"follow","max-snippet":"max-snippet:-1","max-image-preview":"max-image-preview:large","max-video-preview":"max-video-preview:-1"},"canonical":"https:\/\/jorslov.com\/en\/galeria-online\/fluid-artwork-en\/prioritize-the-essential-n-5\/","og_locale":"en_US","og_type":"article","og_title":"Prioritize the essential n.5 - Sara Jorslov","og_description":"Compra y alquiler de obras de arte, renting para negocios y decoraci\u00f3n de interior. C\u00f3mpralas a trav\u00e9s de nuestra web.","og_url":"https:\/\/jorslov.com\/en\/galeria-online\/fluid-artwork-en\/prioritize-the-essential-n-5\/","og_site_name":"Sara Jorslov","article_modified_time":"2024-05-15T17:18:56+00:00","og_image":[{"width":800,"height":800,"url":"https:\/\/jorslov.com\/wp-content\/uploads\/2024\/05\/111.jpg","type":"image\/jpeg"}],"twitter_card":"summary_large_image","twitter_misc":{"Est. reading time":"1 minute"},"schema":{"@context":"https:\/\/schema.org","@graph":[{"@type":"WebPage","@id":"https:\/\/jorslov.com\/en\/galeria-online\/fluid-artwork-en\/prioritize-the-essential-n-5\/","url":"https:\/\/jorslov.com\/en\/galeria-online\/fluid-artwork-en\/prioritize-the-essential-n-5\/","name":"Prioritize the essential n.5 - Sara Jorslov","isPartOf":{"@id":"https:\/\/jorslov.com\/en\/#website"},"primaryImageOfPage":{"@id":"https:\/\/jorslov.com\/en\/galeria-online\/fluid-artwork-en\/prioritize-the-essential-n-5\/#primaryimage"},"image":{"@id":"https:\/\/jorslov.com\/en\/galeria-online\/fluid-artwork-en\/prioritize-the-essential-n-5\/#primaryimage"},"thumbnailUrl":"https:\/\/jorslov.com\/wp-content\/uploads\/2024\/05\/111.jpg","datePublished":"2024-05-15T16:38:55+00:00","dateModified":"2024-05-15T17:18:56+00:00","description":"Compra y alquiler de obras de arte, renting para negocios y decoraci\u00f3n de interior. C\u00f3mpralas a trav\u00e9s de nuestra web.","breadcrumb":{"@id":"https:\/\/jorslov.com\/en\/galeria-online\/fluid-artwork-en\/prioritize-the-essential-n-5\/#breadcrumb"},"inLanguage":"en-US","potentialAction":[{"@type":"ReadAction","target":["https:\/\/jorslov.com\/en\/galeria-online\/fluid-artwork-en\/prioritize-the-essential-n-5\/"]}]},{"@type":"ImageObject","inLanguage":"en-US","@id":"https:\/\/jorslov.com\/en\/galeria-online\/fluid-artwork-en\/prioritize-the-essential-n-5\/#primaryimage","url":"https:\/\/jorslov.com\/wp-content\/uploads\/2024\/05\/111.jpg","contentUrl":"https:\/\/jorslov.com\/wp-content\/uploads\/2024\/05\/111.jpg","width":800,"height":800},{"@type":"BreadcrumbList","@id":"https:\/\/jorslov.com\/en\/galeria-online\/fluid-artwork-en\/prioritize-the-essential-n-5\/#breadcrumb","itemListElement":[{"@type":"ListItem","position":1,"name":"Portada","item":"https:\/\/jorslov.com\/en\/"},{"@type":"ListItem","position":2,"name":"Shop","item":"https:\/\/jorslov.com\/en\/shop\/"},{"@type":"ListItem","position":3,"name":"Prioritize the essential n.5"}]},{"@type":"WebSite","@id":"https:\/\/jorslov.com\/en\/#website","url":"https:\/\/jorslov.com\/en\/","name":"Sara Jorslov","description":"Galer\u00eda online","potentialAction":[{"@type":"SearchAction","target":{"@type":"EntryPoint","urlTemplate":"https:\/\/jorslov.com\/en\/?s={search_term_string}"},"query-input":{"@type":"PropertyValueSpecification","valueRequired":true,"valueName":"search_term_string"}}],"inLanguage":"en-US"}]}},"_links":{"self":[{"href":"https:\/\/jorslov.com\/en\/wp-json\/wp\/v2\/product\/19685"}],"collection":[{"href":"https:\/\/jorslov.com\/en\/wp-json\/wp\/v2\/product"}],"about":[{"href":"https:\/\/jorslov.com\/en\/wp-json\/wp\/v2\/types\/product"}],"replies":[{"embeddable":true,"href":"https:\/\/jorslov.com\/en\/wp-json\/wp\/v2\/comments?post=19685"}],"wp:featuredmedia":[{"embeddable":true,"href":"https:\/\/jorslov.com\/en\/wp-json\/wp\/v2\/media\/19670"}],"wp:attachment":[{"href":"https:\/\/jorslov.com\/en\/wp-json\/wp\/v2\/media?parent=19685"}],"wp:term":[{"taxonomy":"product_cat","embeddable":true,"href":"https:\/\/jorslov.com\/en\/wp-json\/wp\/v2\/product_cat?post=19685"},{"taxonomy":"product_tag","embeddable":true,"href":"https:\/\/jorslov.com\/en\/wp-json\/wp\/v2\/product_tag?post=19685"}],"curies":[{"name":"wp","href":"https:\/\/api.w.org\/{rel}","templated":true}]}}