{"id":19311,"date":"2024-02-23T11:51:25","date_gmt":"2024-02-23T11:51:25","guid":{"rendered":"https:\/\/jorslov.com\/?post_type=product&#038;p=19311"},"modified":"2024-02-23T12:01:54","modified_gmt":"2024-02-23T12:01:54","slug":"porthole","status":"publish","type":"product","link":"https:\/\/jorslov.com\/en\/galeria-online\/fluid-artwork-en\/porthole\/","title":{"rendered":"Porthole"},"content":{"rendered":"<p>In the Water Series I represent with a wide range of blues, greens and turquoises the beauty of our coasts and oceans, calling for an individual and collective effort to try to take care of them and preserve them for future generations.<\/p>\n<p>&#8220;Plastic is one of the most serious problems in marine ecosystems. An estimated 8 million tonnes of plastic end up in our oceans every year, according to the UN. Overfishing and activities that damage the seabed endanger the species that live there, as well as compromising their natural habitat. On the other hand, the oceans produce 50% of the planet&#8217;s oxygen and are an important carbon sink: they absorb almost a third of the carbon dioxide in the atmosphere (one of the main causes of global warming) and release oxygen. This makes them a key player in the fight against climate change.<\/p>\n<p style=\"text-align: right;\">Source. La Vanguardia 20. March. 2022<\/p>\n","protected":false},"excerpt":{"rendered":"<p><strong>Size:<\/strong> \u00d8 100cm<br \/>\n<strong>Media:<\/strong> Mixed on canvas<br \/>\n<strong>Date:<\/strong> 2024<br \/>\n<strong>Frame:<\/strong> No<\/p>\n","protected":false},"featured_media":19325,"comment_status":"open","ping_status":"closed","template":"","meta":{"om_disable_all_campaigns":false,"_monsterinsights_skip_tracking":false,"_monsterinsights_sitenote_active":false,"_monsterinsights_sitenote_note":"","_monsterinsights_sitenote_category":0},"product_cat":[133],"product_tag":[251,250,224,249,221,220,244,252,253,219,254,257,255,259,260,258,256,246,248,247,245],"class_list":{"0":"post-19311","1":"product","2":"type-product","3":"status-publish","4":"has-post-thumbnail","6":"product_cat-fluid-artwork-en","7":"product_tag-abstract-en","8":"product_tag-abstracto-en","9":"product_tag-agua-en","10":"product_tag-art-en","11":"product_tag-arte-en","12":"product_tag-azul-en","13":"product_tag-blue-en","14":"product_tag-contemporaneous-en","15":"product_tag-contemporary-en","16":"product_tag-cuadro-en","17":"product_tag-decoracion-en","18":"product_tag-design-en","19":"product_tag-diseno-en","20":"product_tag-hogar-en","21":"product_tag-home-en","22":"product_tag-interior-en","23":"product_tag-interiorismo-en","24":"product_tag-mar-en","25":"product_tag-painting-en","26":"product_tag-sea-en","27":"product_tag-water-en","28":"product_shipping_class-envio-estandar","30":"first","31":"outofstock","32":"shipping-taxable","33":"purchasable","34":"product-type-simple"},"yoast_head":"<!-- This site is optimized with the Yoast SEO plugin v23.7 - https:\/\/yoast.com\/wordpress\/plugins\/seo\/ -->\n<title>Porthole - Sara Jorslov<\/title>\n<meta name=\"description\" content=\"Compra y alquiler de obras de arte, renting para negocios y decoraci\u00f3n de interior. C\u00f3mpralas a trav\u00e9s de nuestra web.\" \/>\n<meta name=\"robots\" content=\"index, follow, max-snippet:-1, max-image-preview:large, max-video-preview:-1\" \/>\n<link rel=\"canonical\" href=\"https:\/\/jorslov.com\/en\/galeria-online\/fluid-artwork-en\/porthole\/\" \/>\n<meta property=\"og:locale\" content=\"en_US\" \/>\n<meta property=\"og:type\" content=\"article\" \/>\n<meta property=\"og:title\" content=\"Porthole - Sara Jorslov\" \/>\n<meta property=\"og:description\" content=\"Compra y alquiler de obras de arte, renting para negocios y decoraci\u00f3n de interior. C\u00f3mpralas a trav\u00e9s de nuestra web.\" \/>\n<meta property=\"og:url\" content=\"https:\/\/jorslov.com\/en\/galeria-online\/fluid-artwork-en\/porthole\/\" \/>\n<meta property=\"og:site_name\" content=\"Sara Jorslov\" \/>\n<meta property=\"article:modified_time\" content=\"2024-02-23T12:01:54+00:00\" \/>\n<meta property=\"og:image\" content=\"https:\/\/jorslov.com\/wp-content\/uploads\/2024\/02\/redondo-azul2.jpg\" \/>\n\t<meta property=\"og:image:width\" content=\"1000\" \/>\n\t<meta property=\"og:image:height\" content=\"1000\" \/>\n\t<meta property=\"og:image:type\" content=\"image\/jpeg\" \/>\n<meta name=\"twitter:card\" content=\"summary_large_image\" \/>\n<meta name=\"twitter:label1\" content=\"Est. reading time\" \/>\n\t<meta name=\"twitter:data1\" content=\"1 minute\" \/>\n<script type=\"application\/ld+json\" class=\"yoast-schema-graph\">{\"@context\":\"https:\/\/schema.org\",\"@graph\":[{\"@type\":\"WebPage\",\"@id\":\"https:\/\/jorslov.com\/en\/galeria-online\/fluid-artwork-en\/porthole\/\",\"url\":\"https:\/\/jorslov.com\/en\/galeria-online\/fluid-artwork-en\/porthole\/\",\"name\":\"Porthole - Sara Jorslov\",\"isPartOf\":{\"@id\":\"https:\/\/jorslov.com\/en\/#website\"},\"primaryImageOfPage\":{\"@id\":\"https:\/\/jorslov.com\/en\/galeria-online\/fluid-artwork-en\/porthole\/#primaryimage\"},\"image\":{\"@id\":\"https:\/\/jorslov.com\/en\/galeria-online\/fluid-artwork-en\/porthole\/#primaryimage\"},\"thumbnailUrl\":\"https:\/\/jorslov.com\/wp-content\/uploads\/2024\/02\/redondo-azul2.jpg\",\"datePublished\":\"2024-02-23T11:51:25+00:00\",\"dateModified\":\"2024-02-23T12:01:54+00:00\",\"description\":\"Compra y alquiler de obras de arte, renting para negocios y decoraci\u00f3n de interior. C\u00f3mpralas a trav\u00e9s de nuestra web.\",\"breadcrumb\":{\"@id\":\"https:\/\/jorslov.com\/en\/galeria-online\/fluid-artwork-en\/porthole\/#breadcrumb\"},\"inLanguage\":\"en-US\",\"potentialAction\":[{\"@type\":\"ReadAction\",\"target\":[\"https:\/\/jorslov.com\/en\/galeria-online\/fluid-artwork-en\/porthole\/\"]}]},{\"@type\":\"ImageObject\",\"inLanguage\":\"en-US\",\"@id\":\"https:\/\/jorslov.com\/en\/galeria-online\/fluid-artwork-en\/porthole\/#primaryimage\",\"url\":\"https:\/\/jorslov.com\/wp-content\/uploads\/2024\/02\/redondo-azul2.jpg\",\"contentUrl\":\"https:\/\/jorslov.com\/wp-content\/uploads\/2024\/02\/redondo-azul2.jpg\",\"width\":1000,\"height\":1000},{\"@type\":\"BreadcrumbList\",\"@id\":\"https:\/\/jorslov.com\/en\/galeria-online\/fluid-artwork-en\/porthole\/#breadcrumb\",\"itemListElement\":[{\"@type\":\"ListItem\",\"position\":1,\"name\":\"Portada\",\"item\":\"https:\/\/jorslov.com\/en\/\"},{\"@type\":\"ListItem\",\"position\":2,\"name\":\"Shop\",\"item\":\"https:\/\/jorslov.com\/en\/shop\/\"},{\"@type\":\"ListItem\",\"position\":3,\"name\":\"Porthole\"}]},{\"@type\":\"WebSite\",\"@id\":\"https:\/\/jorslov.com\/en\/#website\",\"url\":\"https:\/\/jorslov.com\/en\/\",\"name\":\"Sara Jorslov\",\"description\":\"Galer\u00eda online\",\"potentialAction\":[{\"@type\":\"SearchAction\",\"target\":{\"@type\":\"EntryPoint\",\"urlTemplate\":\"https:\/\/jorslov.com\/en\/?s={search_term_string}\"},\"query-input\":{\"@type\":\"PropertyValueSpecification\",\"valueRequired\":true,\"valueName\":\"search_term_string\"}}],\"inLanguage\":\"en-US\"}]}<\/script>\n<!-- \/ Yoast SEO plugin. -->","yoast_head_json":{"title":"Porthole - Sara Jorslov","description":"Compra y alquiler de obras de arte, renting para negocios y decoraci\u00f3n de interior. C\u00f3mpralas a trav\u00e9s de nuestra web.","robots":{"index":"index","follow":"follow","max-snippet":"max-snippet:-1","max-image-preview":"max-image-preview:large","max-video-preview":"max-video-preview:-1"},"canonical":"https:\/\/jorslov.com\/en\/galeria-online\/fluid-artwork-en\/porthole\/","og_locale":"en_US","og_type":"article","og_title":"Porthole - Sara Jorslov","og_description":"Compra y alquiler de obras de arte, renting para negocios y decoraci\u00f3n de interior. C\u00f3mpralas a trav\u00e9s de nuestra web.","og_url":"https:\/\/jorslov.com\/en\/galeria-online\/fluid-artwork-en\/porthole\/","og_site_name":"Sara Jorslov","article_modified_time":"2024-02-23T12:01:54+00:00","og_image":[{"width":1000,"height":1000,"url":"https:\/\/jorslov.com\/wp-content\/uploads\/2024\/02\/redondo-azul2.jpg","type":"image\/jpeg"}],"twitter_card":"summary_large_image","twitter_misc":{"Est. reading time":"1 minute"},"schema":{"@context":"https:\/\/schema.org","@graph":[{"@type":"WebPage","@id":"https:\/\/jorslov.com\/en\/galeria-online\/fluid-artwork-en\/porthole\/","url":"https:\/\/jorslov.com\/en\/galeria-online\/fluid-artwork-en\/porthole\/","name":"Porthole - Sara Jorslov","isPartOf":{"@id":"https:\/\/jorslov.com\/en\/#website"},"primaryImageOfPage":{"@id":"https:\/\/jorslov.com\/en\/galeria-online\/fluid-artwork-en\/porthole\/#primaryimage"},"image":{"@id":"https:\/\/jorslov.com\/en\/galeria-online\/fluid-artwork-en\/porthole\/#primaryimage"},"thumbnailUrl":"https:\/\/jorslov.com\/wp-content\/uploads\/2024\/02\/redondo-azul2.jpg","datePublished":"2024-02-23T11:51:25+00:00","dateModified":"2024-02-23T12:01:54+00:00","description":"Compra y alquiler de obras de arte, renting para negocios y decoraci\u00f3n de interior. C\u00f3mpralas a trav\u00e9s de nuestra web.","breadcrumb":{"@id":"https:\/\/jorslov.com\/en\/galeria-online\/fluid-artwork-en\/porthole\/#breadcrumb"},"inLanguage":"en-US","potentialAction":[{"@type":"ReadAction","target":["https:\/\/jorslov.com\/en\/galeria-online\/fluid-artwork-en\/porthole\/"]}]},{"@type":"ImageObject","inLanguage":"en-US","@id":"https:\/\/jorslov.com\/en\/galeria-online\/fluid-artwork-en\/porthole\/#primaryimage","url":"https:\/\/jorslov.com\/wp-content\/uploads\/2024\/02\/redondo-azul2.jpg","contentUrl":"https:\/\/jorslov.com\/wp-content\/uploads\/2024\/02\/redondo-azul2.jpg","width":1000,"height":1000},{"@type":"BreadcrumbList","@id":"https:\/\/jorslov.com\/en\/galeria-online\/fluid-artwork-en\/porthole\/#breadcrumb","itemListElement":[{"@type":"ListItem","position":1,"name":"Portada","item":"https:\/\/jorslov.com\/en\/"},{"@type":"ListItem","position":2,"name":"Shop","item":"https:\/\/jorslov.com\/en\/shop\/"},{"@type":"ListItem","position":3,"name":"Porthole"}]},{"@type":"WebSite","@id":"https:\/\/jorslov.com\/en\/#website","url":"https:\/\/jorslov.com\/en\/","name":"Sara Jorslov","description":"Galer\u00eda online","potentialAction":[{"@type":"SearchAction","target":{"@type":"EntryPoint","urlTemplate":"https:\/\/jorslov.com\/en\/?s={search_term_string}"},"query-input":{"@type":"PropertyValueSpecification","valueRequired":true,"valueName":"search_term_string"}}],"inLanguage":"en-US"}]}},"_links":{"self":[{"href":"https:\/\/jorslov.com\/en\/wp-json\/wp\/v2\/product\/19311"}],"collection":[{"href":"https:\/\/jorslov.com\/en\/wp-json\/wp\/v2\/product"}],"about":[{"href":"https:\/\/jorslov.com\/en\/wp-json\/wp\/v2\/types\/product"}],"replies":[{"embeddable":true,"href":"https:\/\/jorslov.com\/en\/wp-json\/wp\/v2\/comments?post=19311"}],"wp:featuredmedia":[{"embeddable":true,"href":"https:\/\/jorslov.com\/en\/wp-json\/wp\/v2\/media\/19325"}],"wp:attachment":[{"href":"https:\/\/jorslov.com\/en\/wp-json\/wp\/v2\/media?parent=19311"}],"wp:term":[{"taxonomy":"product_cat","embeddable":true,"href":"https:\/\/jorslov.com\/en\/wp-json\/wp\/v2\/product_cat?post=19311"},{"taxonomy":"product_tag","embeddable":true,"href":"https:\/\/jorslov.com\/en\/wp-json\/wp\/v2\/product_tag?post=19311"}],"curies":[{"name":"wp","href":"https:\/\/api.w.org\/{rel}","templated":true}]}}