{"id":18648,"date":"2022-09-30T12:02:40","date_gmt":"2022-09-30T12:02:40","guid":{"rendered":"https:\/\/jorslov.com\/tienda\/diving-diptico\/"},"modified":"2025-02-10T17:28:46","modified_gmt":"2025-02-10T17:28:46","slug":"diving-diptico","status":"publish","type":"product","link":"https:\/\/jorslov.com\/en\/galeria-online\/texture-en\/diving-diptico\/","title":{"rendered":"Diving (dipthyc)"},"content":{"rendered":"<p>In the Water Series I represent with a wide range of blues, greens and turquoises the beauty of our coasts and oceans, calling for an individual and collective effort to try to take care of them and preserve them for future generations.<\/p>\n<p>\u201cPlastic is one of the most serious problems in marine ecosystems. An estimated 8 million tonnes of plastic end up in our oceans every year, according to the UN. Overfishing and activities that damage the seabed endanger the species that live there, as well as compromising their natural habitat. On the other hand, the oceans produce 50% of the planet\u2019s oxygen and are an important carbon sink: they absorb almost a third of the carbon dioxide in the atmosphere (one of the main causes of global warming) and release oxygen. This makes them a key player in the fight against climate change.<\/p>\n<p style=\"text-align: right;\">Source. La Vanguardia 20. Marzo. 2022 2022<\/p>\n","protected":false},"excerpt":{"rendered":"<p><strong>Medidas:<\/strong> 2uds 100x65cm<br \/>\n<strong>T\u00e9cnica:<\/strong> Mixed on canvas<br \/>\n<strong>Fecha:<\/strong> 2022<br \/>\n<strong>Marco:<\/strong> Flotante pino<\/p>\n","protected":false},"featured_media":17843,"comment_status":"open","ping_status":"closed","template":"","meta":{"om_disable_all_campaigns":false,"_monsterinsights_skip_tracking":false,"_monsterinsights_sitenote_active":false,"_monsterinsights_sitenote_note":"","_monsterinsights_sitenote_category":0},"product_cat":[132],"product_tag":[],"class_list":{"0":"post-18648","1":"product","2":"type-product","3":"status-publish","4":"has-post-thumbnail","6":"product_cat-texture-en","8":"first","9":"outofstock","10":"shipping-taxable","11":"purchasable","12":"product-type-simple"},"yoast_head":"<!-- This site is optimized with the Yoast SEO plugin v23.7 - https:\/\/yoast.com\/wordpress\/plugins\/seo\/ -->\n<title>Diving (dipthyc) - Sara Jorslov<\/title>\n<meta name=\"description\" content=\"Compra y alquiler de obras de arte, renting para negocios y decoraci\u00f3n de interior. C\u00f3mpralas a trav\u00e9s de nuestra web.\" \/>\n<meta name=\"robots\" content=\"index, follow, max-snippet:-1, max-image-preview:large, max-video-preview:-1\" \/>\n<link rel=\"canonical\" href=\"https:\/\/jorslov.com\/en\/galeria-online\/texture-en\/diving-diptico\/\" \/>\n<meta property=\"og:locale\" content=\"en_US\" \/>\n<meta property=\"og:type\" content=\"article\" \/>\n<meta property=\"og:title\" content=\"Diving (dipthyc) - Sara Jorslov\" \/>\n<meta property=\"og:description\" content=\"Compra y alquiler de obras de arte, renting para negocios y decoraci\u00f3n de interior. C\u00f3mpralas a trav\u00e9s de nuestra web.\" \/>\n<meta property=\"og:url\" content=\"https:\/\/jorslov.com\/en\/galeria-online\/texture-en\/diving-diptico\/\" \/>\n<meta property=\"og:site_name\" content=\"Sara Jorslov\" \/>\n<meta property=\"article:modified_time\" content=\"2025-02-10T17:28:46+00:00\" \/>\n<meta property=\"og:image\" content=\"https:\/\/jorslov.com\/wp-content\/uploads\/2022\/09\/sara-jorsolv-agua-diving-02.jpg\" \/>\n\t<meta property=\"og:image:width\" content=\"1530\" \/>\n\t<meta property=\"og:image:height\" content=\"1530\" \/>\n\t<meta property=\"og:image:type\" content=\"image\/jpeg\" \/>\n<meta name=\"twitter:card\" content=\"summary_large_image\" \/>\n<meta name=\"twitter:label1\" content=\"Est. reading time\" \/>\n\t<meta name=\"twitter:data1\" content=\"1 minute\" \/>\n<script type=\"application\/ld+json\" class=\"yoast-schema-graph\">{\"@context\":\"https:\/\/schema.org\",\"@graph\":[{\"@type\":\"WebPage\",\"@id\":\"https:\/\/jorslov.com\/en\/galeria-online\/texture-en\/diving-diptico\/\",\"url\":\"https:\/\/jorslov.com\/en\/galeria-online\/texture-en\/diving-diptico\/\",\"name\":\"Diving (dipthyc) - Sara Jorslov\",\"isPartOf\":{\"@id\":\"https:\/\/jorslov.com\/en\/#website\"},\"primaryImageOfPage\":{\"@id\":\"https:\/\/jorslov.com\/en\/galeria-online\/texture-en\/diving-diptico\/#primaryimage\"},\"image\":{\"@id\":\"https:\/\/jorslov.com\/en\/galeria-online\/texture-en\/diving-diptico\/#primaryimage\"},\"thumbnailUrl\":\"https:\/\/jorslov.com\/wp-content\/uploads\/2022\/09\/sara-jorsolv-agua-diving-02.jpg\",\"datePublished\":\"2022-09-30T12:02:40+00:00\",\"dateModified\":\"2025-02-10T17:28:46+00:00\",\"description\":\"Compra y alquiler de obras de arte, renting para negocios y decoraci\u00f3n de interior. C\u00f3mpralas a trav\u00e9s de nuestra web.\",\"breadcrumb\":{\"@id\":\"https:\/\/jorslov.com\/en\/galeria-online\/texture-en\/diving-diptico\/#breadcrumb\"},\"inLanguage\":\"en-US\",\"potentialAction\":[{\"@type\":\"ReadAction\",\"target\":[\"https:\/\/jorslov.com\/en\/galeria-online\/texture-en\/diving-diptico\/\"]}]},{\"@type\":\"ImageObject\",\"inLanguage\":\"en-US\",\"@id\":\"https:\/\/jorslov.com\/en\/galeria-online\/texture-en\/diving-diptico\/#primaryimage\",\"url\":\"https:\/\/jorslov.com\/wp-content\/uploads\/2022\/09\/sara-jorsolv-agua-diving-02.jpg\",\"contentUrl\":\"https:\/\/jorslov.com\/wp-content\/uploads\/2022\/09\/sara-jorsolv-agua-diving-02.jpg\",\"width\":1530,\"height\":1530},{\"@type\":\"BreadcrumbList\",\"@id\":\"https:\/\/jorslov.com\/en\/galeria-online\/texture-en\/diving-diptico\/#breadcrumb\",\"itemListElement\":[{\"@type\":\"ListItem\",\"position\":1,\"name\":\"Portada\",\"item\":\"https:\/\/jorslov.com\/en\/\"},{\"@type\":\"ListItem\",\"position\":2,\"name\":\"Shop\",\"item\":\"https:\/\/jorslov.com\/en\/shop\/\"},{\"@type\":\"ListItem\",\"position\":3,\"name\":\"Diving (dipthyc)\"}]},{\"@type\":\"WebSite\",\"@id\":\"https:\/\/jorslov.com\/en\/#website\",\"url\":\"https:\/\/jorslov.com\/en\/\",\"name\":\"Sara Jorslov\",\"description\":\"Galer\u00eda online\",\"potentialAction\":[{\"@type\":\"SearchAction\",\"target\":{\"@type\":\"EntryPoint\",\"urlTemplate\":\"https:\/\/jorslov.com\/en\/?s={search_term_string}\"},\"query-input\":{\"@type\":\"PropertyValueSpecification\",\"valueRequired\":true,\"valueName\":\"search_term_string\"}}],\"inLanguage\":\"en-US\"}]}<\/script>\n<!-- \/ Yoast SEO plugin. -->","yoast_head_json":{"title":"Diving (dipthyc) - Sara Jorslov","description":"Compra y alquiler de obras de arte, renting para negocios y decoraci\u00f3n de interior. C\u00f3mpralas a trav\u00e9s de nuestra web.","robots":{"index":"index","follow":"follow","max-snippet":"max-snippet:-1","max-image-preview":"max-image-preview:large","max-video-preview":"max-video-preview:-1"},"canonical":"https:\/\/jorslov.com\/en\/galeria-online\/texture-en\/diving-diptico\/","og_locale":"en_US","og_type":"article","og_title":"Diving (dipthyc) - Sara Jorslov","og_description":"Compra y alquiler de obras de arte, renting para negocios y decoraci\u00f3n de interior. C\u00f3mpralas a trav\u00e9s de nuestra web.","og_url":"https:\/\/jorslov.com\/en\/galeria-online\/texture-en\/diving-diptico\/","og_site_name":"Sara Jorslov","article_modified_time":"2025-02-10T17:28:46+00:00","og_image":[{"width":1530,"height":1530,"url":"https:\/\/jorslov.com\/wp-content\/uploads\/2022\/09\/sara-jorsolv-agua-diving-02.jpg","type":"image\/jpeg"}],"twitter_card":"summary_large_image","twitter_misc":{"Est. reading time":"1 minute"},"schema":{"@context":"https:\/\/schema.org","@graph":[{"@type":"WebPage","@id":"https:\/\/jorslov.com\/en\/galeria-online\/texture-en\/diving-diptico\/","url":"https:\/\/jorslov.com\/en\/galeria-online\/texture-en\/diving-diptico\/","name":"Diving (dipthyc) - Sara Jorslov","isPartOf":{"@id":"https:\/\/jorslov.com\/en\/#website"},"primaryImageOfPage":{"@id":"https:\/\/jorslov.com\/en\/galeria-online\/texture-en\/diving-diptico\/#primaryimage"},"image":{"@id":"https:\/\/jorslov.com\/en\/galeria-online\/texture-en\/diving-diptico\/#primaryimage"},"thumbnailUrl":"https:\/\/jorslov.com\/wp-content\/uploads\/2022\/09\/sara-jorsolv-agua-diving-02.jpg","datePublished":"2022-09-30T12:02:40+00:00","dateModified":"2025-02-10T17:28:46+00:00","description":"Compra y alquiler de obras de arte, renting para negocios y decoraci\u00f3n de interior. C\u00f3mpralas a trav\u00e9s de nuestra web.","breadcrumb":{"@id":"https:\/\/jorslov.com\/en\/galeria-online\/texture-en\/diving-diptico\/#breadcrumb"},"inLanguage":"en-US","potentialAction":[{"@type":"ReadAction","target":["https:\/\/jorslov.com\/en\/galeria-online\/texture-en\/diving-diptico\/"]}]},{"@type":"ImageObject","inLanguage":"en-US","@id":"https:\/\/jorslov.com\/en\/galeria-online\/texture-en\/diving-diptico\/#primaryimage","url":"https:\/\/jorslov.com\/wp-content\/uploads\/2022\/09\/sara-jorsolv-agua-diving-02.jpg","contentUrl":"https:\/\/jorslov.com\/wp-content\/uploads\/2022\/09\/sara-jorsolv-agua-diving-02.jpg","width":1530,"height":1530},{"@type":"BreadcrumbList","@id":"https:\/\/jorslov.com\/en\/galeria-online\/texture-en\/diving-diptico\/#breadcrumb","itemListElement":[{"@type":"ListItem","position":1,"name":"Portada","item":"https:\/\/jorslov.com\/en\/"},{"@type":"ListItem","position":2,"name":"Shop","item":"https:\/\/jorslov.com\/en\/shop\/"},{"@type":"ListItem","position":3,"name":"Diving (dipthyc)"}]},{"@type":"WebSite","@id":"https:\/\/jorslov.com\/en\/#website","url":"https:\/\/jorslov.com\/en\/","name":"Sara Jorslov","description":"Galer\u00eda online","potentialAction":[{"@type":"SearchAction","target":{"@type":"EntryPoint","urlTemplate":"https:\/\/jorslov.com\/en\/?s={search_term_string}"},"query-input":{"@type":"PropertyValueSpecification","valueRequired":true,"valueName":"search_term_string"}}],"inLanguage":"en-US"}]}},"_links":{"self":[{"href":"https:\/\/jorslov.com\/en\/wp-json\/wp\/v2\/product\/18648"}],"collection":[{"href":"https:\/\/jorslov.com\/en\/wp-json\/wp\/v2\/product"}],"about":[{"href":"https:\/\/jorslov.com\/en\/wp-json\/wp\/v2\/types\/product"}],"replies":[{"embeddable":true,"href":"https:\/\/jorslov.com\/en\/wp-json\/wp\/v2\/comments?post=18648"}],"wp:featuredmedia":[{"embeddable":true,"href":"https:\/\/jorslov.com\/en\/wp-json\/wp\/v2\/media\/17843"}],"wp:attachment":[{"href":"https:\/\/jorslov.com\/en\/wp-json\/wp\/v2\/media?parent=18648"}],"wp:term":[{"taxonomy":"product_cat","embeddable":true,"href":"https:\/\/jorslov.com\/en\/wp-json\/wp\/v2\/product_cat?post=18648"},{"taxonomy":"product_tag","embeddable":true,"href":"https:\/\/jorslov.com\/en\/wp-json\/wp\/v2\/product_tag?post=18648"}],"curies":[{"name":"wp","href":"https:\/\/api.w.org\/{rel}","templated":true}]}}