{"id":18647,"date":"2022-09-19T08:50:30","date_gmt":"2022-09-19T08:50:30","guid":{"rendered":"https:\/\/jorslov.com\/tienda\/fragmentos-de-mi-tierra\/"},"modified":"2025-02-19T19:17:49","modified_gmt":"2025-02-19T19:17:49","slug":"fragmentos-de-mi-tierra","status":"publish","type":"product","link":"https:\/\/jorslov.com\/en\/galeria-online\/texture-en\/fragmentos-de-mi-tierra\/","title":{"rendered":"Fragments of my land"},"content":{"rendered":"","protected":false},"excerpt":{"rendered":"<p><strong>Medidas:<\/strong> 105x85cm<br \/>\n<strong>T\u00e9cnica:<\/strong> Mixed on wood<br \/>\n<strong>Fecha:<\/strong> 2022<br \/>\n<strong>Marco:<\/strong> Pino<\/p>\n","protected":false},"featured_media":17816,"comment_status":"open","ping_status":"closed","template":"","meta":{"om_disable_all_campaigns":false,"_monsterinsights_skip_tracking":false,"_monsterinsights_sitenote_active":false,"_monsterinsights_sitenote_note":"","_monsterinsights_sitenote_category":0},"product_cat":[132],"product_tag":[],"class_list":{"0":"post-18647","1":"product","2":"type-product","3":"status-publish","4":"has-post-thumbnail","6":"product_cat-texture-en","7":"product_shipping_class-envio-estandar","9":"first","10":"outofstock","11":"shipping-taxable","12":"purchasable","13":"product-type-simple"},"yoast_head":"<!-- This site is optimized with the Yoast SEO plugin v23.7 - https:\/\/yoast.com\/wordpress\/plugins\/seo\/ -->\n<title>Fragments of my land - Sara Jorslov<\/title>\n<meta name=\"description\" content=\"Compra y alquiler de obras de arte, renting para negocios y decoraci\u00f3n de interior. C\u00f3mpralas a trav\u00e9s de nuestra web.\" \/>\n<meta name=\"robots\" content=\"index, follow, max-snippet:-1, max-image-preview:large, max-video-preview:-1\" \/>\n<link rel=\"canonical\" href=\"https:\/\/jorslov.com\/en\/galeria-online\/texture-en\/fragmentos-de-mi-tierra\/\" \/>\n<meta property=\"og:locale\" content=\"en_US\" \/>\n<meta property=\"og:type\" content=\"article\" \/>\n<meta property=\"og:title\" content=\"Fragments of my land - Sara Jorslov\" \/>\n<meta property=\"og:description\" content=\"Compra y alquiler de obras de arte, renting para negocios y decoraci\u00f3n de interior. C\u00f3mpralas a trav\u00e9s de nuestra web.\" \/>\n<meta property=\"og:url\" content=\"https:\/\/jorslov.com\/en\/galeria-online\/texture-en\/fragmentos-de-mi-tierra\/\" \/>\n<meta property=\"og:site_name\" content=\"Sara Jorslov\" \/>\n<meta property=\"article:modified_time\" content=\"2025-02-19T19:17:49+00:00\" \/>\n<meta property=\"og:image\" content=\"https:\/\/jorslov.com\/wp-content\/uploads\/2022\/09\/sara-jorsolv-mar-y-tierra-fragmentos-01.jpg\" \/>\n\t<meta property=\"og:image:width\" content=\"1530\" \/>\n\t<meta property=\"og:image:height\" content=\"1530\" \/>\n\t<meta property=\"og:image:type\" content=\"image\/jpeg\" \/>\n<meta name=\"twitter:card\" content=\"summary_large_image\" \/>\n<script type=\"application\/ld+json\" class=\"yoast-schema-graph\">{\"@context\":\"https:\/\/schema.org\",\"@graph\":[{\"@type\":\"WebPage\",\"@id\":\"https:\/\/jorslov.com\/en\/galeria-online\/texture-en\/fragmentos-de-mi-tierra\/\",\"url\":\"https:\/\/jorslov.com\/en\/galeria-online\/texture-en\/fragmentos-de-mi-tierra\/\",\"name\":\"Fragments of my land - Sara Jorslov\",\"isPartOf\":{\"@id\":\"https:\/\/jorslov.com\/en\/#website\"},\"primaryImageOfPage\":{\"@id\":\"https:\/\/jorslov.com\/en\/galeria-online\/texture-en\/fragmentos-de-mi-tierra\/#primaryimage\"},\"image\":{\"@id\":\"https:\/\/jorslov.com\/en\/galeria-online\/texture-en\/fragmentos-de-mi-tierra\/#primaryimage\"},\"thumbnailUrl\":\"https:\/\/jorslov.com\/wp-content\/uploads\/2022\/09\/sara-jorsolv-mar-y-tierra-fragmentos-01.jpg\",\"datePublished\":\"2022-09-19T08:50:30+00:00\",\"dateModified\":\"2025-02-19T19:17:49+00:00\",\"description\":\"Compra y alquiler de obras de arte, renting para negocios y decoraci\u00f3n de interior. C\u00f3mpralas a trav\u00e9s de nuestra web.\",\"breadcrumb\":{\"@id\":\"https:\/\/jorslov.com\/en\/galeria-online\/texture-en\/fragmentos-de-mi-tierra\/#breadcrumb\"},\"inLanguage\":\"en-US\",\"potentialAction\":[{\"@type\":\"ReadAction\",\"target\":[\"https:\/\/jorslov.com\/en\/galeria-online\/texture-en\/fragmentos-de-mi-tierra\/\"]}]},{\"@type\":\"ImageObject\",\"inLanguage\":\"en-US\",\"@id\":\"https:\/\/jorslov.com\/en\/galeria-online\/texture-en\/fragmentos-de-mi-tierra\/#primaryimage\",\"url\":\"https:\/\/jorslov.com\/wp-content\/uploads\/2022\/09\/sara-jorsolv-mar-y-tierra-fragmentos-01.jpg\",\"contentUrl\":\"https:\/\/jorslov.com\/wp-content\/uploads\/2022\/09\/sara-jorsolv-mar-y-tierra-fragmentos-01.jpg\",\"width\":1530,\"height\":1530},{\"@type\":\"BreadcrumbList\",\"@id\":\"https:\/\/jorslov.com\/en\/galeria-online\/texture-en\/fragmentos-de-mi-tierra\/#breadcrumb\",\"itemListElement\":[{\"@type\":\"ListItem\",\"position\":1,\"name\":\"Portada\",\"item\":\"https:\/\/jorslov.com\/en\/\"},{\"@type\":\"ListItem\",\"position\":2,\"name\":\"Shop\",\"item\":\"https:\/\/jorslov.com\/en\/shop\/\"},{\"@type\":\"ListItem\",\"position\":3,\"name\":\"Fragments of my land\"}]},{\"@type\":\"WebSite\",\"@id\":\"https:\/\/jorslov.com\/en\/#website\",\"url\":\"https:\/\/jorslov.com\/en\/\",\"name\":\"Sara Jorslov\",\"description\":\"Galer\u00eda online\",\"potentialAction\":[{\"@type\":\"SearchAction\",\"target\":{\"@type\":\"EntryPoint\",\"urlTemplate\":\"https:\/\/jorslov.com\/en\/?s={search_term_string}\"},\"query-input\":{\"@type\":\"PropertyValueSpecification\",\"valueRequired\":true,\"valueName\":\"search_term_string\"}}],\"inLanguage\":\"en-US\"}]}<\/script>\n<!-- \/ Yoast SEO plugin. -->","yoast_head_json":{"title":"Fragments of my land - Sara Jorslov","description":"Compra y alquiler de obras de arte, renting para negocios y decoraci\u00f3n de interior. C\u00f3mpralas a trav\u00e9s de nuestra web.","robots":{"index":"index","follow":"follow","max-snippet":"max-snippet:-1","max-image-preview":"max-image-preview:large","max-video-preview":"max-video-preview:-1"},"canonical":"https:\/\/jorslov.com\/en\/galeria-online\/texture-en\/fragmentos-de-mi-tierra\/","og_locale":"en_US","og_type":"article","og_title":"Fragments of my land - Sara Jorslov","og_description":"Compra y alquiler de obras de arte, renting para negocios y decoraci\u00f3n de interior. C\u00f3mpralas a trav\u00e9s de nuestra web.","og_url":"https:\/\/jorslov.com\/en\/galeria-online\/texture-en\/fragmentos-de-mi-tierra\/","og_site_name":"Sara Jorslov","article_modified_time":"2025-02-19T19:17:49+00:00","og_image":[{"width":1530,"height":1530,"url":"https:\/\/jorslov.com\/wp-content\/uploads\/2022\/09\/sara-jorsolv-mar-y-tierra-fragmentos-01.jpg","type":"image\/jpeg"}],"twitter_card":"summary_large_image","schema":{"@context":"https:\/\/schema.org","@graph":[{"@type":"WebPage","@id":"https:\/\/jorslov.com\/en\/galeria-online\/texture-en\/fragmentos-de-mi-tierra\/","url":"https:\/\/jorslov.com\/en\/galeria-online\/texture-en\/fragmentos-de-mi-tierra\/","name":"Fragments of my land - Sara Jorslov","isPartOf":{"@id":"https:\/\/jorslov.com\/en\/#website"},"primaryImageOfPage":{"@id":"https:\/\/jorslov.com\/en\/galeria-online\/texture-en\/fragmentos-de-mi-tierra\/#primaryimage"},"image":{"@id":"https:\/\/jorslov.com\/en\/galeria-online\/texture-en\/fragmentos-de-mi-tierra\/#primaryimage"},"thumbnailUrl":"https:\/\/jorslov.com\/wp-content\/uploads\/2022\/09\/sara-jorsolv-mar-y-tierra-fragmentos-01.jpg","datePublished":"2022-09-19T08:50:30+00:00","dateModified":"2025-02-19T19:17:49+00:00","description":"Compra y alquiler de obras de arte, renting para negocios y decoraci\u00f3n de interior. C\u00f3mpralas a trav\u00e9s de nuestra web.","breadcrumb":{"@id":"https:\/\/jorslov.com\/en\/galeria-online\/texture-en\/fragmentos-de-mi-tierra\/#breadcrumb"},"inLanguage":"en-US","potentialAction":[{"@type":"ReadAction","target":["https:\/\/jorslov.com\/en\/galeria-online\/texture-en\/fragmentos-de-mi-tierra\/"]}]},{"@type":"ImageObject","inLanguage":"en-US","@id":"https:\/\/jorslov.com\/en\/galeria-online\/texture-en\/fragmentos-de-mi-tierra\/#primaryimage","url":"https:\/\/jorslov.com\/wp-content\/uploads\/2022\/09\/sara-jorsolv-mar-y-tierra-fragmentos-01.jpg","contentUrl":"https:\/\/jorslov.com\/wp-content\/uploads\/2022\/09\/sara-jorsolv-mar-y-tierra-fragmentos-01.jpg","width":1530,"height":1530},{"@type":"BreadcrumbList","@id":"https:\/\/jorslov.com\/en\/galeria-online\/texture-en\/fragmentos-de-mi-tierra\/#breadcrumb","itemListElement":[{"@type":"ListItem","position":1,"name":"Portada","item":"https:\/\/jorslov.com\/en\/"},{"@type":"ListItem","position":2,"name":"Shop","item":"https:\/\/jorslov.com\/en\/shop\/"},{"@type":"ListItem","position":3,"name":"Fragments of my land"}]},{"@type":"WebSite","@id":"https:\/\/jorslov.com\/en\/#website","url":"https:\/\/jorslov.com\/en\/","name":"Sara Jorslov","description":"Galer\u00eda online","potentialAction":[{"@type":"SearchAction","target":{"@type":"EntryPoint","urlTemplate":"https:\/\/jorslov.com\/en\/?s={search_term_string}"},"query-input":{"@type":"PropertyValueSpecification","valueRequired":true,"valueName":"search_term_string"}}],"inLanguage":"en-US"}]}},"_links":{"self":[{"href":"https:\/\/jorslov.com\/en\/wp-json\/wp\/v2\/product\/18647"}],"collection":[{"href":"https:\/\/jorslov.com\/en\/wp-json\/wp\/v2\/product"}],"about":[{"href":"https:\/\/jorslov.com\/en\/wp-json\/wp\/v2\/types\/product"}],"replies":[{"embeddable":true,"href":"https:\/\/jorslov.com\/en\/wp-json\/wp\/v2\/comments?post=18647"}],"wp:featuredmedia":[{"embeddable":true,"href":"https:\/\/jorslov.com\/en\/wp-json\/wp\/v2\/media\/17816"}],"wp:attachment":[{"href":"https:\/\/jorslov.com\/en\/wp-json\/wp\/v2\/media?parent=18647"}],"wp:term":[{"taxonomy":"product_cat","embeddable":true,"href":"https:\/\/jorslov.com\/en\/wp-json\/wp\/v2\/product_cat?post=18647"},{"taxonomy":"product_tag","embeddable":true,"href":"https:\/\/jorslov.com\/en\/wp-json\/wp\/v2\/product_tag?post=18647"}],"curies":[{"name":"wp","href":"https:\/\/api.w.org\/{rel}","templated":true}]}}